{"id":9,"date":"2020-08-27T19:38:31","date_gmt":"2020-08-27T19:38:31","guid":{"rendered":"http:\/\/molinablotta.com.ar\/website\/?page_id=9"},"modified":"2025-12-30T02:37:56","modified_gmt":"2025-12-30T02:37:56","slug":"socios","status":"publish","type":"page","link":"http:\/\/molinablotta.com.ar\/website\/socios\/","title":{"rendered":"Socios"},"content":{"rendered":"<p><b>Juan Manuel Molina<br \/>\n<\/b>Contador P\u00fablico egresado de la Universidad de Buenos Aires.<br \/>\n<a href=\"mailto:juan.molina@molinablotta.com.ar\">juan.molina@molinablotta.com.ar<\/a><\/p>\n<p><b>Julio Abelardo Blotta<br \/>\n<\/b>Contador P\u00fablico egresado de la Universidad Nacional de Cuyo.<br \/>\n<a href=\"mailto:julio.blotta@molinablotta.com.ar\">julio.blotta@molinablotta.com.ar<\/a><\/p>\n<p><b>Rosana Vanina Cruciani<br \/>\n<\/b>Contador P\u00fablico egresado de la Universidad Nacional de Cuyo.<br \/>\n<a href=\"mailto:vanina.cruciani@molinablotta.com.ar\">vanina.cruciani@molinablotta.com.ar<\/a><\/p>\n<p><a title=\"Encargados de\u00a0\u00e1reas\" href=\"https:\/\/molinablotta.com.ar\/website\/coordinadores-de-areas\/\">coordinadores de \u00e1reas<\/a><\/p>\n","protected":false},"excerpt":{"rendered":"<p>Juan Manuel Molina Contador P\u00fablico egresado de la Universidad de Buenos Aires. juan.molina@molinablotta.com.ar Julio Abelardo Blotta Contador P\u00fablico egresado de la Universidad Nacional de Cuyo. julio.blotta@molinablotta.com.ar Rosana Vanina Cruciani Contador P\u00fablico egresado de la Universidad Nacional de Cuyo. vanina.cruciani@molinablotta.com.ar coordinadores de \u00e1reas<\/p>\n","protected":false},"author":1,"featured_media":0,"parent":0,"menu_order":0,"comment_status":"closed","ping_status":"closed","template":"","meta":{"footnotes":""},"class_list":["post-9","page","type-page","status-publish"],"_links":{"self":[{"href":"http:\/\/molinablotta.com.ar\/website\/wp-json\/wp\/v2\/pages\/9","targetHints":{"allow":["GET"]}}],"collection":[{"href":"http:\/\/molinablotta.com.ar\/website\/wp-json\/wp\/v2\/pages"}],"about":[{"href":"http:\/\/molinablotta.com.ar\/website\/wp-json\/wp\/v2\/types\/page"}],"author":[{"embeddable":true,"href":"http:\/\/molinablotta.com.ar\/website\/wp-json\/wp\/v2\/users\/1"}],"replies":[{"embeddable":true,"href":"http:\/\/molinablotta.com.ar\/website\/wp-json\/wp\/v2\/comments?post=9"}],"version-history":[{"count":6,"href":"http:\/\/molinablotta.com.ar\/website\/wp-json\/wp\/v2\/pages\/9\/revisions"}],"predecessor-version":[{"id":215,"href":"http:\/\/molinablotta.com.ar\/website\/wp-json\/wp\/v2\/pages\/9\/revisions\/215"}],"wp:attachment":[{"href":"http:\/\/molinablotta.com.ar\/website\/wp-json\/wp\/v2\/media?parent=9"}],"curies":[{"name":"wp","href":"https:\/\/api.w.org\/{rel}","templated":true}]}}