{"id":7,"date":"2020-08-27T19:37:23","date_gmt":"2020-08-27T19:37:23","guid":{"rendered":"http:\/\/molinablotta.com.ar\/website\/?page_id=7"},"modified":"2025-12-30T04:30:00","modified_gmt":"2025-12-30T04:30:00","slug":"quienes-somos","status":"publish","type":"page","link":"http:\/\/molinablotta.com.ar\/website\/quienes-somos\/","title":{"rendered":"Qui\u00e9nes somos"},"content":{"rendered":"<p><a href=\"https:\/\/molinablotta.files.wordpress.com\/2014\/02\/logo-wp-mb2.jpg\"><img decoding=\"async\" class=\"wp-image-190 alignnone\" src=\"https:\/\/molinablotta.files.wordpress.com\/2014\/02\/logo-wp-mb2.jpg?w=179&amp;h=151\" sizes=\"(max-width: 179px) 100vw, 179px\" srcset=\"https:\/\/molinablotta.files.wordpress.com\/2014\/02\/logo-wp-mb2.jpg?w=179&amp;h=151 179w, https:\/\/molinablotta.files.wordpress.com\/2014\/02\/logo-wp-mb2.jpg?w=150&amp;h=127 150w, https:\/\/molinablotta.files.wordpress.com\/2014\/02\/logo-wp-mb2.jpg 224w\" alt=\"logo WP MB\" width=\"179\" height=\"151\" data-attachment-id=\"190\" data-permalink=\"https:\/\/molinablotta.wordpress.com\/inicio\/logo-wp-mb\/\" data-orig-file=\"https:\/\/molinablotta.files.wordpress.com\/2014\/02\/logo-wp-mb2.jpg\" data-orig-size=\"224,189\" data-comments-opened=\"1\" data-image-meta=\"{&quot;aperture&quot;:&quot;0&quot;,&quot;credit&quot;:&quot;&quot;,&quot;camera&quot;:&quot;&quot;,&quot;caption&quot;:&quot;&quot;,&quot;created_timestamp&quot;:&quot;0&quot;,&quot;copyright&quot;:&quot;&quot;,&quot;focal_length&quot;:&quot;0&quot;,&quot;iso&quot;:&quot;0&quot;,&quot;shutter_speed&quot;:&quot;0&quot;,&quot;title&quot;:&quot;&quot;}\" data-image-title=\"logo WP MB\" data-image-description=\"\" data-medium-file=\"https:\/\/molinablotta.files.wordpress.com\/2014\/02\/logo-wp-mb2.jpg?w=224\" data-large-file=\"https:\/\/molinablotta.files.wordpress.com\/2014\/02\/logo-wp-mb2.jpg?w=224\" \/><\/a><\/p>\n<p>Molina\/Blotta y Asociados es una consultora mendocina fundada en 1987, que ofrece una amplia gama de servicios profesionales a empresas. Nuestra misi\u00f3n es cubrir todas las necesidades de asesoramiento de nuestros clientes mediante la prestaci\u00f3n de servicios con calidad y responsabilidad a partir de una permanente capacitaci\u00f3n y especializaci\u00f3n.<\/p>\n<p>&nbsp;<\/p>\n","protected":false},"excerpt":{"rendered":"<p>Molina\/Blotta y Asociados es una consultora mendocina fundada en 1987, que ofrece una amplia gama de servicios profesionales a empresas. Nuestra misi\u00f3n es cubrir todas las necesidades de asesoramiento de nuestros clientes mediante la prestaci\u00f3n de servicios con calidad y responsabilidad a partir de una permanente capacitaci\u00f3n y especializaci\u00f3n. &nbsp;<\/p>\n","protected":false},"author":1,"featured_media":0,"parent":0,"menu_order":0,"comment_status":"closed","ping_status":"closed","template":"","meta":{"footnotes":""},"class_list":["post-7","page","type-page","status-publish"],"_links":{"self":[{"href":"http:\/\/molinablotta.com.ar\/website\/wp-json\/wp\/v2\/pages\/7","targetHints":{"allow":["GET"]}}],"collection":[{"href":"http:\/\/molinablotta.com.ar\/website\/wp-json\/wp\/v2\/pages"}],"about":[{"href":"http:\/\/molinablotta.com.ar\/website\/wp-json\/wp\/v2\/types\/page"}],"author":[{"embeddable":true,"href":"http:\/\/molinablotta.com.ar\/website\/wp-json\/wp\/v2\/users\/1"}],"replies":[{"embeddable":true,"href":"http:\/\/molinablotta.com.ar\/website\/wp-json\/wp\/v2\/comments?post=7"}],"version-history":[{"count":5,"href":"http:\/\/molinablotta.com.ar\/website\/wp-json\/wp\/v2\/pages\/7\/revisions"}],"predecessor-version":[{"id":232,"href":"http:\/\/molinablotta.com.ar\/website\/wp-json\/wp\/v2\/pages\/7\/revisions\/232"}],"wp:attachment":[{"href":"http:\/\/molinablotta.com.ar\/website\/wp-json\/wp\/v2\/media?parent=7"}],"curies":[{"name":"wp","href":"https:\/\/api.w.org\/{rel}","templated":true}]}}