{"id":28,"date":"2020-08-27T19:44:53","date_gmt":"2020-08-27T19:44:53","guid":{"rendered":"http:\/\/molinablotta.com.ar\/website\/?page_id=28"},"modified":"2025-12-30T02:49:37","modified_gmt":"2025-12-30T02:49:37","slug":"capacitarse","status":"publish","type":"page","link":"http:\/\/molinablotta.com.ar\/website\/capacitarse\/","title":{"rendered":"CapacitaRSE"},"content":{"rendered":"<p><b><a href=\"https:\/\/molinablotta.files.wordpress.com\/2013\/11\/capacitarse-2.jpg\"><img decoding=\"async\" class=\"alignnone wp-image-134\" src=\"https:\/\/molinablotta.files.wordpress.com\/2013\/11\/capacitarse-2.jpg?w=270&amp;h=56\" sizes=\"(max-width: 270px) 100vw, 270px\" srcset=\"https:\/\/molinablotta.files.wordpress.com\/2013\/11\/capacitarse-2.jpg?w=270&amp;h=56 270w, https:\/\/molinablotta.files.wordpress.com\/2013\/11\/capacitarse-2.jpg?w=540&amp;h=112 540w, https:\/\/molinablotta.files.wordpress.com\/2013\/11\/capacitarse-2.jpg?w=150&amp;h=31 150w, https:\/\/molinablotta.files.wordpress.com\/2013\/11\/capacitarse-2.jpg?w=300&amp;h=62 300w\" alt=\"CapacitaRSE 2\" width=\"270\" height=\"56\" data-attachment-id=\"134\" data-permalink=\"https:\/\/molinablotta.wordpress.com\/areas-mb\/capacitarse\/capacitarse-2\/\" data-orig-file=\"https:\/\/molinablotta.files.wordpress.com\/2013\/11\/capacitarse-2.jpg\" data-orig-size=\"1698,353\" data-comments-opened=\"1\" data-image-meta=\"{&quot;aperture&quot;:&quot;0&quot;,&quot;credit&quot;:&quot;&quot;,&quot;camera&quot;:&quot;&quot;,&quot;caption&quot;:&quot;&quot;,&quot;created_timestamp&quot;:&quot;0&quot;,&quot;copyright&quot;:&quot;&quot;,&quot;focal_length&quot;:&quot;0&quot;,&quot;iso&quot;:&quot;0&quot;,&quot;shutter_speed&quot;:&quot;0&quot;,&quot;title&quot;:&quot;&quot;}\" data-image-title=\"CapacitaRSE 2\" data-image-description=\"\" data-medium-file=\"https:\/\/molinablotta.files.wordpress.com\/2013\/11\/capacitarse-2.jpg?w=300\" data-large-file=\"https:\/\/molinablotta.files.wordpress.com\/2013\/11\/capacitarse-2.jpg?w=584\" \/><br \/>\n<\/a><\/b>La Fundaci\u00f3n CapacitaRSE fue creada con el objeto de brindar herramientas que permitan un desarrollo sustentable en actividades econ\u00f3micas, empresariales, culturales, art\u00edsticas y deportivas y funciona dentro de la estructura de Molina Blotta y Asociados.<\/p>\n<p>La fundaci\u00f3n est\u00e1 trabajando en las siguientes \u00e1reas:<\/p>\n<p><strong>Capacitaci\u00f3n<\/strong><br \/>\nMediante la realizaci\u00f3n de programas y cursos, en colaboraci\u00f3n con entidades oficiales y privadas.<\/p>\n<p><strong>Manejo de fondos de inversi\u00f3n social<\/strong><br \/>\nAyuda a las empresas a realizar un uso m\u00e1s eficiente de su inversi\u00f3n social. Las empresas entregan los fondos y la Fundaci\u00f3n se encarga de ejecutar programas previamente acordados y definidos. Pueden participar en un proyecto una o varias empresas, permitiendo as\u00ed alcanzar metas m\u00e1s ambiciosas. La primera experiencia al respecto se est\u00e1 realizando con Transportadora de Gas del Norte (TGN), trabajando en cuatro ejes: educaci\u00f3n, construcci\u00f3n de ciudadan\u00eda, cuidado del medio ambiente y desarrollo local a trav\u00e9s de su cadena de valor.<\/p>\n<p><strong>Programa de cadena de valor<\/strong><br \/>\nParticiparon de este programa peque\u00f1os emprendedores de distintas zonas del interior de C\u00f3rdoba. Se los capacit\u00f3 en emprendedorismo y en los riesgos asociados a la forma societaria adoptada por cada uno de ellos.<\/p>\n","protected":false},"excerpt":{"rendered":"<p>La Fundaci\u00f3n CapacitaRSE fue creada con el objeto de brindar herramientas que permitan un desarrollo sustentable en actividades econ\u00f3micas, empresariales, culturales, art\u00edsticas y deportivas y funciona dentro de la estructura de Molina Blotta y Asociados. La fundaci\u00f3n est\u00e1 trabajando en las siguientes \u00e1reas: Capacitaci\u00f3n Mediante la realizaci\u00f3n de programas y cursos, en colaboraci\u00f3n con entidades &#8230; <a title=\"CapacitaRSE\" class=\"read-more\" href=\"http:\/\/molinablotta.com.ar\/website\/capacitarse\/\">Leer m\u00e1s<\/a><\/p>\n","protected":false},"author":1,"featured_media":0,"parent":0,"menu_order":0,"comment_status":"closed","ping_status":"closed","template":"","meta":{"footnotes":""},"class_list":["post-28","page","type-page","status-publish"],"_links":{"self":[{"href":"http:\/\/molinablotta.com.ar\/website\/wp-json\/wp\/v2\/pages\/28","targetHints":{"allow":["GET"]}}],"collection":[{"href":"http:\/\/molinablotta.com.ar\/website\/wp-json\/wp\/v2\/pages"}],"about":[{"href":"http:\/\/molinablotta.com.ar\/website\/wp-json\/wp\/v2\/types\/page"}],"author":[{"embeddable":true,"href":"http:\/\/molinablotta.com.ar\/website\/wp-json\/wp\/v2\/users\/1"}],"replies":[{"embeddable":true,"href":"http:\/\/molinablotta.com.ar\/website\/wp-json\/wp\/v2\/comments?post=28"}],"version-history":[{"count":3,"href":"http:\/\/molinablotta.com.ar\/website\/wp-json\/wp\/v2\/pages\/28\/revisions"}],"predecessor-version":[{"id":219,"href":"http:\/\/molinablotta.com.ar\/website\/wp-json\/wp\/v2\/pages\/28\/revisions\/219"}],"wp:attachment":[{"href":"http:\/\/molinablotta.com.ar\/website\/wp-json\/wp\/v2\/media?parent=28"}],"curies":[{"name":"wp","href":"https:\/\/api.w.org\/{rel}","templated":true}]}}