{"id":26,"date":"2020-08-27T19:44:12","date_gmt":"2020-08-27T19:44:12","guid":{"rendered":"http:\/\/molinablotta.com.ar\/website\/?page_id=26"},"modified":"2020-08-27T19:44:12","modified_gmt":"2020-08-27T19:44:12","slug":"consultora-mb","status":"publish","type":"page","link":"http:\/\/molinablotta.com.ar\/website\/consultora-mb\/","title":{"rendered":"Consultora MB"},"content":{"rendered":"<h1><b>Nuestras \u00e1reas de consultor\u00eda<\/b><\/h1>\n<p><b>Capacitaci\u00f3n<\/b><\/p>\n<ul>\n<li>Formulaci\u00f3n, presentaci\u00f3n y ejecuci\u00f3n de proyectos de capacitaci\u00f3n a trav\u00e9s del R\u00e9gimen de Cr\u00e9dito Fiscal, tanto de la Sepyme como del Ministerio de Trabajo<\/li>\n<li>Realizaci\u00f3n de diagn\u00f3sticos para\u00a0 definir las necesidades de capacitaci\u00f3n de cada organizaci\u00f3n<\/li>\n<li>Realizaci\u00f3n de cursos a medida de las necesidades detectadas<\/li>\n<li>Capacitaci\u00f3n a nivel ejecutivo y operativo<\/li>\n<\/ul>\n<p><b>Proyectos de inversi\u00f3n<\/b><\/p>\n<ul>\n<li>Evaluaci\u00f3n, elaboraci\u00f3n y seguimiento de proyectos de inversi\u00f3n<\/li>\n<li>Estudios de mercado<\/li>\n<li>Caracterizaci\u00f3n de mercados<\/li>\n<li>An\u00e1lisis econ\u00f3mico financieros<\/li>\n<li>Presentaci\u00f3n de proyectos para la obtenci\u00f3n de recursos ante entidades financieras y crediticias (Sepyme, Fondo de Transformaci\u00f3n y Crecimiento, Fontar, bancos)<\/li>\n<\/ul>\n<p><b>Responsabilidad Social Empresaria<\/b><b>\u00a0<\/b><\/p>\n<ul>\n<li>Planificaci\u00f3n estrat\u00e9gica de RSE<\/li>\n<li>Capacitaci\u00f3n en RSE<\/li>\n<li>Balance Social<\/li>\n<li>Relaciones con la comunidad<\/li>\n<li>Voluntariado corporativo<\/li>\n<li>C\u00f3digo de \u00e9tica<\/li>\n<li>Tercerizaci\u00f3n de departamento de RSE<\/li>\n<\/ul>\n","protected":false},"excerpt":{"rendered":"<p>Nuestras \u00e1reas de consultor\u00eda Capacitaci\u00f3n Formulaci\u00f3n, presentaci\u00f3n y ejecuci\u00f3n de proyectos de capacitaci\u00f3n a trav\u00e9s del R\u00e9gimen de Cr\u00e9dito Fiscal, tanto de la Sepyme como del Ministerio de Trabajo Realizaci\u00f3n de diagn\u00f3sticos para\u00a0 definir las necesidades de capacitaci\u00f3n de cada organizaci\u00f3n Realizaci\u00f3n de cursos a medida de las necesidades detectadas Capacitaci\u00f3n a nivel ejecutivo y &#8230; <a title=\"Consultora MB\" class=\"read-more\" href=\"http:\/\/molinablotta.com.ar\/website\/consultora-mb\/\">Leer m\u00e1s<\/a><\/p>\n","protected":false},"author":1,"featured_media":0,"parent":0,"menu_order":0,"comment_status":"closed","ping_status":"closed","template":"","meta":{"footnotes":""},"class_list":["post-26","page","type-page","status-publish"],"_links":{"self":[{"href":"http:\/\/molinablotta.com.ar\/website\/wp-json\/wp\/v2\/pages\/26","targetHints":{"allow":["GET"]}}],"collection":[{"href":"http:\/\/molinablotta.com.ar\/website\/wp-json\/wp\/v2\/pages"}],"about":[{"href":"http:\/\/molinablotta.com.ar\/website\/wp-json\/wp\/v2\/types\/page"}],"author":[{"embeddable":true,"href":"http:\/\/molinablotta.com.ar\/website\/wp-json\/wp\/v2\/users\/1"}],"replies":[{"embeddable":true,"href":"http:\/\/molinablotta.com.ar\/website\/wp-json\/wp\/v2\/comments?post=26"}],"version-history":[{"count":1,"href":"http:\/\/molinablotta.com.ar\/website\/wp-json\/wp\/v2\/pages\/26\/revisions"}],"predecessor-version":[{"id":27,"href":"http:\/\/molinablotta.com.ar\/website\/wp-json\/wp\/v2\/pages\/26\/revisions\/27"}],"wp:attachment":[{"href":"http:\/\/molinablotta.com.ar\/website\/wp-json\/wp\/v2\/media?parent=26"}],"curies":[{"name":"wp","href":"https:\/\/api.w.org\/{rel}","templated":true}]}}