{"id":24,"date":"2020-08-27T19:43:25","date_gmt":"2020-08-27T19:43:25","guid":{"rendered":"http:\/\/molinablotta.com.ar\/website\/?page_id=24"},"modified":"2020-08-27T19:49:14","modified_gmt":"2020-08-27T19:49:14","slug":"estudios-mb","status":"publish","type":"page","link":"http:\/\/molinablotta.com.ar\/website\/estudios-mb\/","title":{"rendered":"Estudio MB"},"content":{"rendered":"<p><strong>\u00c1reas de acci\u00f3n de nuestro estudio<\/strong><\/p>\n<p><b>Impositiva:<\/b><\/p>\n<ul>\n<li>Asesoramiento integral del marco impositivo para la toma de decisiones, analizando el impacto tributario en las operaciones del cliente a efectos de minimizar la carga fiscal<\/li>\n<li>Actualizaci\u00f3n sobre las novedades y\/o modificaciones que surgen en materia tributaria<\/li>\n<li>Preparaci\u00f3n y certificaci\u00f3n de solicitud de reembolsos, reintegros o transferencias de impuestos.<\/li>\n<li>Asesoramiento en la optimizaci\u00f3n de reorganizaci\u00f3n de empresas (adquisiciones, fusiones, escisiones y otros)<\/li>\n<li>Auditor\u00edas impositivas<\/li>\n<li>Evaluaci\u00f3n de reg\u00edmenes especiales, promocionales o generales que puedan interesar a la empresa.<\/li>\n<li>Confecci\u00f3n de declaraciones juradas mensuales y anuales, informativas y\/o determinativas de impuestos<\/li>\n<li>Atenci\u00f3n de inspecciones<\/li>\n<li>Procedimiento fiscal: recursos administrativos y judiciales, descargo de requerimientos y sumarios ante organismos recaudadores.<\/li>\n<li>Elaboraci\u00f3n de informes de precios de transferencias.<\/li>\n<\/ul>\n<p><b>Contable<\/b><\/p>\n<ul>\n<li>Organizaci\u00f3n de circuitos administrativos operativos para lograr optimizar los controles autom\u00e1ticos<\/li>\n<li>Procesamiento de comprobantes de compras, gastos y ventas en funci\u00f3n de un plan de cuentas preestablecido de acuerdo a las necesidades de cada empresa<\/li>\n<li>Confecci\u00f3n de la contabilidad a partir de datos procesados por la empresa.<\/li>\n<li>Confecci\u00f3n de balances mensuales y anuales.<\/li>\n<li>Asesoramiento para la confecci\u00f3n de informes econ\u00f3micos-financieros<\/li>\n<li>Traslaci\u00f3n de los estados contables a moneda extranjera<\/li>\n<\/ul>\n<p><b>Auditor\u00eda<\/b><\/p>\n<ul>\n<li>Auditor\u00eda Externa de Estados Contables<\/li>\n<li>Auditor\u00edas operativas<\/li>\n<li>Revisi\u00f3n de controles contables y de gesti\u00f3n<\/li>\n<li>Asistencia en la toma de inventarios<\/li>\n<li>Auditor\u00edas para fines espec\u00edficos<\/li>\n<li>Asistencia a Auditor\u00eda Interna<\/li>\n<li>Preparaci\u00f3n de Reportes a Casa Matriz<\/li>\n<li>Dise\u00f1o de normas y procedimientos<\/li>\n<\/ul>\n<p><b>Laboral<\/b><\/p>\n<ul>\n<li>Asesoramiento sobre modalidades de contrataci\u00f3n<\/li>\n<li>Asesoramiento integral sobre los aspectos laborales<\/li>\n<li>Actualizaci\u00f3n sobre las novedades y\/o modificaciones que surgen en materia laboral<\/li>\n<li>Liquidaci\u00f3n de sueldos y leyes sociales<\/li>\n<li>Asesoramiento en tr\u00e1mites relacionados con AFIP, ANSeS, Subsecretar\u00eda de Trabajo, obras sociales y sindicatos<\/li>\n<li>Auditor\u00edas laborales<\/li>\n<li>Recursos administrativos y judiciales, descargo de requerimientos y sumarios<\/li>\n<li>Atenci\u00f3n de inspecciones<\/li>\n<\/ul>\n<p><b>Sociedades<\/b><\/p>\n<ul>\n<li>Asesoramiento sobre el tipo societario a elegir acorde a las exigencias legales y a las necesidades particulares de cada negocio<\/li>\n<li>Confecci\u00f3n del contrato social y constitutici\u00f3n de la sociedad<\/li>\n<li>Inscripciones en organismos de contralor correspondientes<\/li>\n<li>Inscripci\u00f3n de sociedades y sucursales del exterior<\/li>\n<li>Representaci\u00f3n de socios del exterior en el Directorio<\/li>\n<li>Confecci\u00f3n y supervisi\u00f3n de libros exigidos por la ley de Sociedades Comerciales<\/li>\n<li>Asesoramiento en materia de reorganizaciones, fusiones y adquisiciones de sociedades<\/li>\n<li>Asesoramiento sobre disoluci\u00f3n y liquidaci\u00f3n<\/li>\n<li>Asesoramiento para la realizaci\u00f3nde actas de asamblea y directorio.<\/li>\n<li>Asesoramiento y gesti\u00f3n de tr\u00e1mites en organismos de control societario<\/li>\n<li>Sindicaturas<\/li>\n<\/ul>\n<p><b>Administraci\u00f3n de empresas<\/b><\/p>\n<ul>\n<li>Outsourcing, procesamiento de documentaci\u00f3n, emisi\u00f3n de \u00f3rdenes de pago y cheques, conciliaciones de cuentas, armado de contabilidad, facturaci\u00f3n.<\/li>\n<li>Administraci\u00f3n y gerenciamiento de proyectos mineros. Registros de las compa\u00f1\u00edas en la Secretar\u00eda de Miner\u00eda<\/li>\n<li>Manejo de caja y bancos, cobros, pagos, conciliaciones de cuentas, facturaci\u00f3n y atenci\u00f3n de proveedores. Puede realizarse tanto en nuestras oficinas como en el domicilio de la empresa con personal a nuestro cargo.<b><\/b><\/li>\n<li>Administraci\u00f3n de cuentas corrientes bancarias<\/li>\n<li>Reportes a casas matrices<\/li>\n<\/ul>\n","protected":false},"excerpt":{"rendered":"<p>\u00c1reas de acci\u00f3n de nuestro estudio Impositiva: Asesoramiento integral del marco impositivo para la toma de decisiones, analizando el impacto tributario en las operaciones del cliente a efectos de minimizar la carga fiscal Actualizaci\u00f3n sobre las novedades y\/o modificaciones que surgen en materia tributaria Preparaci\u00f3n y certificaci\u00f3n de solicitud de reembolsos, reintegros o transferencias de &#8230; <a title=\"Estudio MB\" class=\"read-more\" href=\"http:\/\/molinablotta.com.ar\/website\/estudios-mb\/\">Leer m\u00e1s<\/a><\/p>\n","protected":false},"author":1,"featured_media":0,"parent":0,"menu_order":0,"comment_status":"closed","ping_status":"closed","template":"","meta":{"footnotes":""},"class_list":["post-24","page","type-page","status-publish"],"_links":{"self":[{"href":"http:\/\/molinablotta.com.ar\/website\/wp-json\/wp\/v2\/pages\/24","targetHints":{"allow":["GET"]}}],"collection":[{"href":"http:\/\/molinablotta.com.ar\/website\/wp-json\/wp\/v2\/pages"}],"about":[{"href":"http:\/\/molinablotta.com.ar\/website\/wp-json\/wp\/v2\/types\/page"}],"author":[{"embeddable":true,"href":"http:\/\/molinablotta.com.ar\/website\/wp-json\/wp\/v2\/users\/1"}],"replies":[{"embeddable":true,"href":"http:\/\/molinablotta.com.ar\/website\/wp-json\/wp\/v2\/comments?post=24"}],"version-history":[{"count":4,"href":"http:\/\/molinablotta.com.ar\/website\/wp-json\/wp\/v2\/pages\/24\/revisions"}],"predecessor-version":[{"id":45,"href":"http:\/\/molinablotta.com.ar\/website\/wp-json\/wp\/v2\/pages\/24\/revisions\/45"}],"wp:attachment":[{"href":"http:\/\/molinablotta.com.ar\/website\/wp-json\/wp\/v2\/media?parent=24"}],"curies":[{"name":"wp","href":"https:\/\/api.w.org\/{rel}","templated":true}]}}