{"id":17,"date":"2020-08-27T19:40:55","date_gmt":"2020-08-27T19:40:55","guid":{"rendered":"http:\/\/molinablotta.com.ar\/website\/?page_id=17"},"modified":"2020-09-07T17:19:46","modified_gmt":"2020-09-07T17:19:46","slug":"valores","status":"publish","type":"page","link":"http:\/\/molinablotta.com.ar\/website\/valores\/","title":{"rendered":"Valores"},"content":{"rendered":"<p>Nuestras decisiones estrat\u00e9gicas se basan en el respeto por los valores \u00e9ticos, por nuestros colaboradores, por la comunidad y por el medioambiente. A trav\u00e9s del desarrollo de relaciones con la comunidad\u00a0procuramos participar de acciones socialmente responsables.<\/p>\n<p>Somos fundadores de la Fundaci\u00f3n CapacitaRSE, la cual tiene el objetivo de brindar herramientas que permitan un desarrollo sustentable en actividades econ\u00f3micas, empresariales, culturales,, art\u00edsticas y deportivas.<\/p>\n<p>Integramos la\u00a0<a title=\"Valos\" href=\"http:\/\/www.valos.org.ar\/\" target=\"_blank\" rel=\"noopener noreferrer\">Asociaci\u00f3n Civil Valos<\/a>: un espacio de empresas de diferentes sectores que trabajan para alcanzar un impacto econ\u00f3mico sostenible para Mendoza, procurando adoptar una gesti\u00f3n empresarial socialmente responsable y coherencia en sus decisiones de negocios.<\/p>\n<p>Tambi\u00e9n somos firmantes del\u00a0<a href=\"http:\/\/www.pactoglobal.org.ar\/\" target=\"_blank\" rel=\"noopener noreferrer\">Pacto Global<\/a>, suscripto entre las Naciones Unidas y el empresariado mundial, con el objetivo de salvaguardar un crecimiento econ\u00f3mico duradero en el contexto de la globalizaci\u00f3n.<\/p>\n<p>Colaboramos y apoyamos el accionar de organizaciones sin fines de lucro preocupadas por un desarrollo sustentable:\u00a0<a href=\"http:\/\/www.bancodealimentos.org.ar\/\" target=\"_blank\" rel=\"noopener noreferrer\">Fundaci\u00f3n Banco de Alimentos<\/a>,\u00a0<a href=\"http:\/\/www.elarcamendoza.com.ar\/\" target=\"_blank\" rel=\"noopener noreferrer\">Asociaci\u00f3n Civil El Arca<\/a>,\u00a0<a href=\"http:\/\/www.losandes.com.ar\/notas\/2006\/6\/4\/economico-323646.asp\" target=\"_blank\" rel=\"noopener noreferrer\">Asociaci\u00f3n Emprender Mendoz<\/a><a href=\"http:\/\/www.losandes.com.ar\/notas\/2006\/6\/4\/economico-323646.asp\">a<\/a>,\u00a0<a href=\"http:\/\/www.asf.org.ar\/\" target=\"_blank\" rel=\"noopener noreferrer\">Asociaci\u00f3n Alimentos sin Frontera<\/a><a href=\"http:\/\/www.asf.org.ar\/\" target=\"_blank\" rel=\"noopener noreferrer\">s<\/a>,\u00a0<a href=\"http:\/\/asociacioncivilvida.blogspot.com.ar\/\" target=\"_blank\" rel=\"noopener noreferrer\">Asociaci\u00f3n Civil Vida y Paz<\/a>\u00a0y\u00a0<a href=\"http:\/\/www.hespanol.com.ar\/paginas\/index\/docencia-e-investigacion\" target=\"_blank\" rel=\"noopener noreferrer\">Fundaci\u00f3n Hospital Espa\u00f1ol de Mendoza<\/a>.<\/p>\n","protected":false},"excerpt":{"rendered":"<p>Nuestras decisiones estrat\u00e9gicas se basan en el respeto por los valores \u00e9ticos, por nuestros colaboradores, por la comunidad y por el medioambiente. A trav\u00e9s del desarrollo de relaciones con la comunidad\u00a0procuramos participar de acciones socialmente responsables. Somos fundadores de la Fundaci\u00f3n CapacitaRSE, la cual tiene el objetivo de brindar herramientas que permitan un desarrollo sustentable &#8230; <a title=\"Valores\" class=\"read-more\" href=\"http:\/\/molinablotta.com.ar\/website\/valores\/\">Leer m\u00e1s<\/a><\/p>\n","protected":false},"author":1,"featured_media":0,"parent":0,"menu_order":0,"comment_status":"closed","ping_status":"closed","template":"","meta":{"footnotes":""},"class_list":["post-17","page","type-page","status-publish"],"_links":{"self":[{"href":"http:\/\/molinablotta.com.ar\/website\/wp-json\/wp\/v2\/pages\/17","targetHints":{"allow":["GET"]}}],"collection":[{"href":"http:\/\/molinablotta.com.ar\/website\/wp-json\/wp\/v2\/pages"}],"about":[{"href":"http:\/\/molinablotta.com.ar\/website\/wp-json\/wp\/v2\/types\/page"}],"author":[{"embeddable":true,"href":"http:\/\/molinablotta.com.ar\/website\/wp-json\/wp\/v2\/users\/1"}],"replies":[{"embeddable":true,"href":"http:\/\/molinablotta.com.ar\/website\/wp-json\/wp\/v2\/comments?post=17"}],"version-history":[{"count":3,"href":"http:\/\/molinablotta.com.ar\/website\/wp-json\/wp\/v2\/pages\/17\/revisions"}],"predecessor-version":[{"id":166,"href":"http:\/\/molinablotta.com.ar\/website\/wp-json\/wp\/v2\/pages\/17\/revisions\/166"}],"wp:attachment":[{"href":"http:\/\/molinablotta.com.ar\/website\/wp-json\/wp\/v2\/media?parent=17"}],"curies":[{"name":"wp","href":"https:\/\/api.w.org\/{rel}","templated":true}]}}