{"id":13,"date":"2020-08-27T19:39:58","date_gmt":"2020-08-27T19:39:58","guid":{"rendered":"http:\/\/molinablotta.com.ar\/website\/?page_id=13"},"modified":"2025-12-30T02:42:05","modified_gmt":"2025-12-30T02:42:05","slug":"coordinadores-de-areas","status":"publish","type":"page","link":"http:\/\/molinablotta.com.ar\/website\/coordinadores-de-areas\/","title":{"rendered":"Coordinadores de \u00e1reas"},"content":{"rendered":"<p><strong>Vanina Cruciani<br \/>\n<\/strong>Contador P\u00fablico egresada de la Universidad Champagnat<br \/>\nDirectora Ejecutiva<br \/>\nDepartamento auditor\u00eda<br \/>\n<a href=\"mailto:vanina.cruciani@molinablotta.com.ar\">vanina.cruciani@molinablotta.com.ar<\/a><\/p>\n<p><strong>Romina Santi<br \/>\n<\/strong>Contador P\u00fablico egresada de la Universidad Nacional de Cuyo<br \/>\nDepartamento Contabilidad y Sociedades<br \/>\n<a href=\"mailto:romina.santi@molinablotta.com.ar\">romina.santi@molinablotta.com.ar<\/a><\/p>\n<p><strong>Pablo Oliva<br \/>\n<\/strong>Especialista en sociedades<br \/>\nDepartamento Contabilidad y Sociedades<br \/>\n<a href=\"mailto:pablo.oliva@molinablotta.com.ar\">pablo.oliva@molinablotta.com.ar<\/a><\/p>\n<p><strong>Laura Galdeano<br \/>\n<\/strong>Contador P\u00fablico egresada de la Universidad Champagnat<br \/>\nDepartamento Impositivo<br \/>\n<a href=\"mailto:laura.galdeano@molinablotta.com.ar\">laura.galdeano@molinablotta.com.ar<\/a><\/p>\n<p><strong>Fabio Oviedo<br \/>\n<\/strong>Contador P\u00fablico egresado de la Universidad Nacional de Cuyo<br \/>\nDepartamento Impositivo<br \/>\n<a href=\"mailto:fabio.oviedo@molinablotta.com.ar\">fabio.oviedo@molinablotta.com.ar<\/a><\/p>\n<p><strong>Natalia Malfitani<br \/>\n<\/strong>Contador P\u00fablico egresada de la Universidad Champagnat<br \/>\nDepartamento Laboral<br \/>\nDepartamento auditor\u00eda<br \/>\n<a href=\"mailto:natalia.malfitani@molinablotta.com.ar\">natalia.malfitani@molinablotta.com.ar<\/a><\/p>\n<p><strong>Amilcar R. Cruciani<br \/>\n<\/strong>Departamento de Administraci\u00f3n<br \/>\n<a href=\"mailto:amilcar.cruciani@molinablotta.com.ar\">amilcar.cruciani@molinablotta.com.ar<\/a><\/p>\n<p><strong>Andrea Cavallaro<br \/>\n<\/strong>Licenciada en Administraci\u00f3n egresada de la Universidad Nacional de Cuyo<br \/>\nDepartamento Outsourcing<br \/>\n<a href=\"mailto:andrea.cavallaro@molinablotta.com.ar\">andrea.cavallaro@molinablotta.com.ar<\/a><\/p>\n<p><a title=\"Socios\" href=\"http:\/\/molinablotta.com.ar\/website\/socios\/\">Socios<\/a><\/p>\n","protected":false},"excerpt":{"rendered":"<p>Vanina Cruciani Contador P\u00fablico egresada de la Universidad Champagnat Directora Ejecutiva Departamento auditor\u00eda vanina.cruciani@molinablotta.com.ar Romina Santi Contador P\u00fablico egresada de la Universidad Nacional de Cuyo Departamento Contabilidad y Sociedades romina.santi@molinablotta.com.ar Pablo Oliva Especialista en sociedades Departamento Contabilidad y Sociedades pablo.oliva@molinablotta.com.ar Laura Galdeano Contador P\u00fablico egresada de la Universidad Champagnat Departamento Impositivo laura.galdeano@molinablotta.com.ar Fabio Oviedo Contador &#8230; <a title=\"Coordinadores de \u00e1reas\" class=\"read-more\" href=\"http:\/\/molinablotta.com.ar\/website\/coordinadores-de-areas\/\">Leer m\u00e1s<\/a><\/p>\n","protected":false},"author":1,"featured_media":0,"parent":0,"menu_order":0,"comment_status":"closed","ping_status":"closed","template":"","meta":{"footnotes":""},"class_list":["post-13","page","type-page","status-publish"],"_links":{"self":[{"href":"http:\/\/molinablotta.com.ar\/website\/wp-json\/wp\/v2\/pages\/13","targetHints":{"allow":["GET"]}}],"collection":[{"href":"http:\/\/molinablotta.com.ar\/website\/wp-json\/wp\/v2\/pages"}],"about":[{"href":"http:\/\/molinablotta.com.ar\/website\/wp-json\/wp\/v2\/types\/page"}],"author":[{"embeddable":true,"href":"http:\/\/molinablotta.com.ar\/website\/wp-json\/wp\/v2\/users\/1"}],"replies":[{"embeddable":true,"href":"http:\/\/molinablotta.com.ar\/website\/wp-json\/wp\/v2\/comments?post=13"}],"version-history":[{"count":5,"href":"http:\/\/molinablotta.com.ar\/website\/wp-json\/wp\/v2\/pages\/13\/revisions"}],"predecessor-version":[{"id":217,"href":"http:\/\/molinablotta.com.ar\/website\/wp-json\/wp\/v2\/pages\/13\/revisions\/217"}],"wp:attachment":[{"href":"http:\/\/molinablotta.com.ar\/website\/wp-json\/wp\/v2\/media?parent=13"}],"curies":[{"name":"wp","href":"https:\/\/api.w.org\/{rel}","templated":true}]}}