{"id":11,"date":"2020-08-27T19:39:30","date_gmt":"2020-08-27T19:39:30","guid":{"rendered":"http:\/\/molinablotta.com.ar\/website\/?page_id=11"},"modified":"2020-09-07T17:15:54","modified_gmt":"2020-09-07T17:15:54","slug":"direccion-general","status":"publish","type":"page","link":"http:\/\/molinablotta.com.ar\/website\/direccion-general\/","title":{"rendered":"Direcci\u00f3n general"},"content":{"rendered":"<p><b>Vanina Cruciani<br \/>\n<\/b>Asociada. Contador P\u00fablico egresada de la Universidad Champagnat.<br \/>\nDirector General de Administraci\u00f3n.<br \/>\n<a href=\"mailto:vanina.cruciani@molinablotta.com.ar\">vanina.cruciani@molinablotta.com.ar<\/a><\/p>\n<p><a title=\"Socios\" href=\"http:\/\/molinablotta.com.ar\/website\/socios\/\">Socios<\/a><br \/>\n<a title=\"Encargados de\u00a0\u00e1reas\" href=\"http:\/\/molinablotta.com.ar\/website\/encargados-de-areas\/\">Encargados de \u00e1reas<\/a><\/p>\n","protected":false},"excerpt":{"rendered":"<p>Vanina Cruciani Asociada. Contador P\u00fablico egresada de la Universidad Champagnat. Director General de Administraci\u00f3n. vanina.cruciani@molinablotta.com.ar Socios Encargados de \u00e1reas<\/p>\n","protected":false},"author":1,"featured_media":0,"parent":0,"menu_order":0,"comment_status":"closed","ping_status":"closed","template":"","meta":{"footnotes":""},"class_list":["post-11","page","type-page","status-publish"],"_links":{"self":[{"href":"http:\/\/molinablotta.com.ar\/website\/wp-json\/wp\/v2\/pages\/11","targetHints":{"allow":["GET"]}}],"collection":[{"href":"http:\/\/molinablotta.com.ar\/website\/wp-json\/wp\/v2\/pages"}],"about":[{"href":"http:\/\/molinablotta.com.ar\/website\/wp-json\/wp\/v2\/types\/page"}],"author":[{"embeddable":true,"href":"http:\/\/molinablotta.com.ar\/website\/wp-json\/wp\/v2\/users\/1"}],"replies":[{"embeddable":true,"href":"http:\/\/molinablotta.com.ar\/website\/wp-json\/wp\/v2\/comments?post=11"}],"version-history":[{"count":2,"href":"http:\/\/molinablotta.com.ar\/website\/wp-json\/wp\/v2\/pages\/11\/revisions"}],"predecessor-version":[{"id":164,"href":"http:\/\/molinablotta.com.ar\/website\/wp-json\/wp\/v2\/pages\/11\/revisions\/164"}],"wp:attachment":[{"href":"http:\/\/molinablotta.com.ar\/website\/wp-json\/wp\/v2\/media?parent=11"}],"curies":[{"name":"wp","href":"https:\/\/api.w.org\/{rel}","templated":true}]}}